{"id":6195,"date":"2021-08-31T12:45:58","date_gmt":"2021-08-31T10:45:58","guid":{"rendered":"https:\/\/www.lottholidayhomes.com\/terms-and-conditions\/"},"modified":"2023-07-25T17:03:53","modified_gmt":"2023-07-25T15:03:53","slug":"allgemeine-geschaftsbedingungen-agb","status":"publish","type":"page","link":"https:\/\/www.lottholidayhomes.com\/de\/allgemeine-geschaftsbedingungen-agb\/","title":{"rendered":"Allgemeine Gesch\u00e4ftsbedingungen (AGB)"},"content":{"rendered":"<div class=\"intro-image\"><img decoding=\"async\" loading=\"lazy\" class=\"alignnone wp-image-3303 size-full\" src=\"https:\/\/www.lottholidayhomes.com\/wp-content\/uploads\/2021\/08\/lott-holiday-homes-algemene-voorwaarden-verhuurbedrijf-vakantiehuizen-frankrijk.jpg\" alt=\"LOTT holiday homes &amp; more... General conditions rental company holiday homes France!\" width=\"1600\" height=\"1067\" srcset=\"https:\/\/www.lottholidayhomes.com\/wp-content\/uploads\/2021\/08\/lott-holiday-homes-algemene-voorwaarden-verhuurbedrijf-vakantiehuizen-frankrijk.jpg 1600w, https:\/\/www.lottholidayhomes.com\/wp-content\/uploads\/2021\/08\/lott-holiday-homes-algemene-voorwaarden-verhuurbedrijf-vakantiehuizen-frankrijk-883x588.jpg 883w\" sizes=\"auto, (max-width: 1600px) 100vw, 1600px\" \/><noscript><img decoding=\"async\" class=\"alignnone wp-image-3303 size-full\" src=\"https:\/\/www.lottholidayhomes.com\/wp-content\/uploads\/2021\/08\/lott-holiday-homes-algemene-voorwaarden-verhuurbedrijf-vakantiehuizen-frankrijk.jpg\" alt=\"LOTT holiday homes &amp; more... General conditions rental company holiday homes France!\" width=\"1600\" height=\"1067\" srcset=\"https:\/\/www.lottholidayhomes.com\/wp-content\/uploads\/2021\/08\/lott-holiday-homes-algemene-voorwaarden-verhuurbedrijf-vakantiehuizen-frankrijk.jpg 1600w, https:\/\/www.lottholidayhomes.com\/wp-content\/uploads\/2021\/08\/lott-holiday-homes-algemene-voorwaarden-verhuurbedrijf-vakantiehuizen-frankrijk-883x588.jpg 883w\" sizes=\"(max-width: 1600px) 100vw, 1600px\" \/><\/noscript><\/div>\n<h3>Allgemeine Gesch\u00e4ftsbedingungen (AGB)<\/h3>\n<p>Da sind die g\u00fcltigen Allgemeinen Gesch\u00e4ftsbedingungen (AGB) f\u00fcr unsere Website. Satz- und Druckfehler sind auf der Websitesite vorbehalten. Laden Sie die hinterlegten Allgemeinen Gesch\u00e4ftsbedingungen gerne als PDF-Datei herunter.<\/p>\n<h3>Laden Sie die hinterlegten AGB als PDF herunter<\/h3>\n<p><span class=\"material-icons\">picture_as_pdf<\/span> Download: <a href=\"https:\/\/www.lottholidayhomes.com\/download\/allgemeine-geschaftsbedingungen-agb.pdf\" target=\"_blank\" rel=\"nofollow noopener\"><u>allgemeine-geschaftsbedingungen-agb.pdf<\/u><\/a><\/p>\n<h3>Zur Buchung<\/h3>\n<p>Sie k\u00f6nnen eine Buchung mittels einer Buchungsanfrage auf der Website oder per E-Mail anfordern. LOTT holiday homes &amp; more umfasst nur die auf der Website aufgef\u00fchrten Ferienh\u00e4user: https:\/\/www.lottholidayhomes.com<\/p>\n<h3>Zahlungsbuchung Bestellungen<\/h3>\n<p>Jede Buchungsanfrage wird von LOTT holiday homes &amp; more durch eine Buchungsbest\u00e4tigung best\u00e4tigt. Eine endg\u00fcltige Buchungsbest\u00e4tigung erhalten Sie per E-Mail. Die Betrags- und Zahlungsdetails sowie die N.A.W.-Details (Name, Adresse, Wohnort) sind enthalten. LOTT holiday homes &amp; more erwartet anschlie\u00dfend eine R\u00fcckmeldung bzw. Best\u00e4tigung per E-Mail. Die Stornierungsbedingungen treten somit in Kraft und der in der Buchungsbest\u00e4tigung aufgef\u00fchrte Betrag ist zu zahlen.<br \/>\nBei Zahlungsverzug ist LOTT holiday homes &amp; more berechtigt, das gebuchte Ferienhaus zu stornieren. Die Stornierungsbedingungen f\u00fcr den Mieter treten dann in vollem Umfang in Kraft.<\/p>\n<h3>Bedenkzeit<\/h3>\n<p>Sie k\u00f6nnen jede Buchung innerhalb von 5 Tagen stornieren, berechnet wird dies ab dem in der Buchungsbest\u00e4tigung angegebenen Buchungstag. Stornieren k\u00f6nnen Sie, indem Sie eine E-Mail an info@lottholidayhomes.com senden. LOTT holiday homes &amp; more best\u00e4tigt Ihre Stornierung sofort nach Erhalt. Im Falle einer Stornierung, nach Ablauf der 5 Tage, bleiben die Stornierungsbedingungen in vollem Umfang in Kraft (siehe Artikel Stornierung durch Mieter). Bei einer Buchung innerhalb von 12 Wochen, vor Beginn der gew\u00fcnschten Mietzeit, gibt es keine Bedenkzeit und es gelten die Stornierungsbedingungen wie im Artikel &#8220;Stornierung durch Mieter&#8221; beschrieben.<\/p>\n<h3>Stornierung durch Mieter<\/h3>\n<p>Stornierungen m\u00fcssen LOTT holiday homes &amp; more per E-Mail mitgeteilt werden. Unmittelbar nach Erhalt einer E-Mail mit der schriftlichen Stornierung sendet LOTT holiday homes &amp; more eine Stornierungsbest\u00e4tigung per E-Mail. Bei Stornierung nach 5 Tagen und bis zu 12 Wochen vor Beginn der vereinbarten Mietzeit, werden 50% der Miete in Rechnung gestellt. Bei Stornierung innerhalb von 12 Wochen bis 8 Wochen vor Beginn der vereinbarten Mietzeit werden 70% der Miete in Rechnung gestellt. Bei Stornierung innerhalb von 8 Wochen der vereinbarten Mietdauer ist der volle Mietbetrag f\u00e4llig.<\/p>\n<p>Stornierungen oder \u00c4nderungen (die eine Verk\u00fcrzung des Aufenthalts zur Folge haben) innerhalb von 56 Tagen vor Anreise f\u00fchren zur Aufhebung des Rechts auf R\u00fcckerstattung oder Begleichung des Gesamtbetrags. Eine Stornierung oder vorzeitige Abreise berechtigt Sie nicht zu einer R\u00fcckerstattung der Miete. Im Falle einer Stornierung wird die erste Anzahlung nicht zur\u00fcckerstattet. Wir empfehlen auch immer den Abbruch-\/Reiseversicherungsversicherung.<\/p>\n<h3>Stornierung durch LOTT holiday homes &amp; more<\/h3>\n<p>Sollte es aufgrund irgendwelcher Umst\u00e4nde bei LOTT holiday homes &amp; more notwendig sein, das bereits vermietete Ferienhaus zu stornieren, wird der Mieter unverz\u00fcglich und, wenn m\u00f6glich, mit einem Alternativangebot benachrichtigt. Akzeptiert der Mieter diese Alternative nicht oder kann LOTT holiday homes &amp; more keine Alternative anbieten, erstattet LOTT holiday homes &amp; more unverz\u00fcglich den vom Mieter bereits gezahlten Betrag. Der Mieter hat nur das Recht diesen Betrag zur\u00fcckzufordern, aber kein anderes Recht. Ausgenommen sind kurzfristige Buchungen, d.h. Buchungen, die 8 Wochen oder weniger vor Beginn der gebuchten Mietzeit erfolgt sind.<\/p>\n<h3>H\u00f6here Gewalt \/ Pandemie \/ Naturkatastrophen<\/h3>\n<p>Bei einer neuen au\u00dfenwirtschaftlichen Situation, auf die LOTT holiday homes &amp; more keinerlei Einfluss hat und bei der es vorkommen kann, dass sowohl Mieter als auch Vermieter nicht stornieren wollen, wird im konkreten Fall eine gemeinsame L\u00f6sung gesucht. Eine m\u00f6gliche L\u00f6sung besteht darin, es in eine andere Periode zu verschieben. Bei der aktuellen Buchung wird ein Betrag von 200,00 Euroberechnet, unabh\u00e4ngig vom Ergebnis der gemeinsamen L\u00f6sung.<\/p>\n<h3>Kaution<\/h3>\n<p>Die Kaution variiert zwischen 200-500 Euro, abh\u00e4ngig von der Aufenthaltsdauer und der Gr\u00f6\u00dfe des gebuchten Ferienhauses. Die Kaution muss bei der Ankunft in bar bezahlt werden. Diese erhalten Sie bei Abreise zur\u00fcck, wenn die Abnahmeregeln bei Abreise, wie in der Informationsmappe im Ferienhaus beschrieben, eingehalten wurden.<\/p>\n<h3>Haftung des Mieters<\/h3>\n<p>W\u00e4hrend Ihres Aufenthaltes im Ferienhaus haften Sie als Mieter vollumf\u00e4nglich f\u00fcr das gemietete Ferienhaus, die Einrichtung und alle Gegenst\u00e4nde, die zum Mietobjekt geh\u00f6ren und Sch\u00e4den, die von Ihnen und\/oder Ihren Reisebegleitern verursacht wurden, werden sofort und vollst\u00e4ndig erstattet und dem Vermieter \u00fcbergeben. Sie als Mieter haften auch vollumf\u00e4nglich f\u00fcr etwaige Mehrkosten. LOTT holiday homes &amp; more ist berechtigt, den Mieter auch dann haftbar zu machen, wenn der verursachte Schaden nicht oder nicht ordnungsgem\u00e4\u00df beglichen wurde oder die vor Ort zu zahlenden Kosten nicht (vollst\u00e4ndig) vom Mieter bezahlt wurden. Alle damit verbundenen (Inkasso-)Kosten gehen vollst\u00e4ndig zu Lasten des in der Buchungsbest\u00e4tigung genannten Mieters.<\/p>\n<p>Hausordnung, die im Ferienhaus vorhanden und\/oder zur Verf\u00fcgung gestellt wird, ist Bestandteil des Mietvertrages und muss selbstverst\u00e4ndlich strikt eingehalten werden.<\/p>\n<p>Die in der Beschreibung des Hauses angegebene Personenanzahl ist die maximal zul\u00e4ssige Anzahl im Ferienhaus. Eine Belegung mit mehr Personen ist nicht gestattet. LOTT holiday homes &amp; more ist berechtigt, den Zutritt zum Ferienhaus zu verweigern, wenn Sie mit mehr als der maximal zul\u00e4ssigen Personenzahl anreisen. Wenn Sie Freunde w\u00e4hrend Ihres Urlaubs einladen m\u00f6chten, besprechen Sie die M\u00f6glichkeiten mit LOTT holiday homes &amp; more im Voraus.<\/p>\n<h3>Haftung von LOTT holiday homes &amp; more<\/h3>\n<p>LOTT holiday homes &amp; more \u00fcbernimmt keine Haftung f\u00fcr Verlust, Diebstahl, Besch\u00e4digung oder Verletzung jeglicher Art, die an oder durch Mieter von LOTT holiday homes &amp; more verursacht werden LOTT holiday homes &amp; more \u00fcbernimmt auch keine Haftung f\u00fcr Sch\u00e4den, die durch Naturkatastrophen, Angriffe, Streiks, Gewalttaten und den Kontakt mit einem Flugzeug oder Teilen davon verursacht werden.<\/p>\n<p>LOTT holiday homes &amp; more ist nicht verantwortlich f\u00fcr Unf\u00e4lle, Verletzungen oder Krankheiten, die w\u00e4hrend eines Aufenthalts in oder um die H\u00e4user auf dem Grundst\u00fcck der Ferienh\u00e4user von LOTT holiday homes &amp; more auftreten. Dar\u00fcber hinaus ist LOTT holiday homes &amp; more nicht verantwortlich f\u00fcr den Verlust von pers\u00f6nlichen Gegenst\u00e4nden oder Wertsachen.<\/p>\n<p>Offensichtliche Fehler oder Irrt\u00fcmer in der Beschreibung oder den Preisen der von LOTT holiday homes &amp; more angebotenen Unterk\u00fcnfte sind f\u00fcr LOTT holiday homes &amp; more nicht bindend.<\/p>\n<p>Mit der Annahme dieser Buchung wird vereinbart, dass alle G\u00e4ste oder andere eingeladene Personen ausdr\u00fccklich das Risiko von Sch\u00e4den anerkennen, die sich aus der Nutzung der Unterkunft ergeben.<\/p>\n<p>Nicht alle in der Objektbeschreibung genannten Sportanlagen, Schwimmb\u00e4der, Restaurants und Gesch\u00e4fte sind ganzj\u00e4hrig ge\u00f6ffnet. LOTT holiday homes &amp; more haftet nicht f\u00fcr Einrichtungen, die w\u00e4hrend Ihres Urlaubs aus welchen Gr\u00fcnden auch immer nicht zug\u00e4nglich sind\/waren. Dies gilt auch f\u00fcr die Vor-Ort-Einrichtungen von LOTT holiday homes &amp; more selbst.<\/p>\n<p>Die Nutzung aller Einrichtungen erfolgt auf eigene Gefahr und kann in keiner Weise f\u00fcr LOTT holiday homes &amp; more haftbar gemacht werden.<\/p>\n<p>Es ist m\u00f6glich, dass &#8220;Arbeit&#8221; in der N\u00e4he Ihres Ferienhauses stattfindet. Denken wir zum Beispiel an Stra\u00dfenbr\u00fcche oder Baut\u00e4tigkeiten. Sie m\u00fcssen verstehen, dass wir keine Verantwortung f\u00fcr L\u00e4rmbel\u00e4stigung \u00fcbernehmen k\u00f6nnen. Wir werden versuchen, die Bauaktivit\u00e4ten auf dem Gel\u00e4nde von LOTT holiday homes &amp; more auf ein Minimum zu beschr\u00e4nken.<\/p>\n<p><strong>Beschwerden<\/strong><\/p>\n<p>Trotz unserer Anstrengungen ist es m\u00f6glich, dass Sie eine Beschwerde haben. Selbstverst\u00e4ndlich k\u00f6nnen Sie diese Beschwerde w\u00e4hrend Ihres Aufenthaltes bei uns einreichen.<\/p>\n<p>Wenn die Beschwerde nicht zufriedenstellend gel\u00f6st wurde, k\u00f6nnen Sie diese sp\u00e4testens innerhalb von 4 Wochen nach Beendigung der Mietzeit schriftlich und mit Gr\u00fcnden erneut bei LOTT holiday homes &amp; more einreichen. Sp\u00e4ter eingereichte Beschwerden werden nicht akzeptiert und ein angebliches Klagerecht erlischt.<\/p>\n<p>Die unabh\u00e4ngige Nutzung eines anderen Ferienhauses als das von LOTT holiday homes &amp; more angebotene oder das Verlassen des gemieteten Ferienhauses ohne R\u00fccksprache mit LOTT holiday homes &amp; more erlischt alle Rechte auf.<\/p>\n<p>LOTT holiday homes &amp; more haftet in jedem Fall maximal f\u00fcr die H\u00f6he der Miete.<\/p>\n<h3>Reiser\u00fccktrittsversicherung<\/h3>\n<p>Wir raten dringend dazu f\u00fcr den Urlaub eine All-Risk-Storno-\/Reiseversicherung abzuschlie\u00dfen.<\/p>\n<h3>Vor Ort<\/h3>\n<p>Die Vermietung der Ferienh\u00e4user von LOTT holiday homes &amp; more ist von Samstag bis Samstag, sofern auf Ihrer Buchungsbest\u00e4tigung nichts anderes angegeben ist. Sie k\u00f6nnen das Ferienhaus am 1. Tag Ihres Aufenthalts zwischen 16 und 20 Uhr belegen. Am Abreisetag verlassen Sie das Haus vor 09:30 Uhr. Wenn Sie sp\u00e4ter ankommen, teilen Sie uns dies bitte rechtzeitig mit, indem Sie anrufen oder eine Whatsapp an 0033 610093019 senden.<\/p>\n<p>Ein Hochstuhl und ein Babybett sind auf Anfrage erh\u00e4ltlich. Bitte geben Sie dies bei der Buchung an. Sie sollten immer Ihre eigenen Handt\u00fccher (Handtuch und Geschirrt\u00fccher) und Bettw\u00e4sche f\u00fcr das Kinderbett mitbringen. Sie m\u00fcssen sich selbst um die t\u00e4gliche Reinigung Ihres Ferienhauses k\u00fcmmern.<\/p>\n<h3>Haustiere<\/h3>\n<p>Haustiere sind &#8211; in Absprache &#8211; bei LOTT holiday homes &amp; more willkommen. Ein Haustier sollte die Schlafzimmer im Erdgeschoss oder im Obergeschoss nicht betreten. Haustiere werden au\u00dferhalb des Gel\u00e4ndes von LOTT holiday homes &amp; more rausgelassen. Sie sind daf\u00fcr verantwortlich, den Kot Ihres Haustieres auf dem Gel\u00e4nde von LOTT holiday homes &amp; more aufzur\u00e4umen.<\/p>\n<h3>Personenanzahl<\/h3>\n<p>Die maximale Personenanzahl wird f\u00fcr jedes Ferienhaus angegeben. Kinder von Geburt an z\u00e4hlen als Person.<\/p>\n<h3>Verzichtserkl\u00e4rung<\/h3>\n<p>LOTT holiday homes &amp; more legt gro\u00dfen Wert auf diese Website und die Zuverl\u00e4ssigkeit und Aktualit\u00e4t der enthaltenen Daten. Trotz aller Sorgfalt k\u00f6nnen Ungenauigkeiten und Unvollst\u00e4ndigkeiten nicht verhindert werden. LOTT holiday homes &amp; more haftet nicht f\u00fcr Fehler oder Ungenauigkeiten. Sobald wir einen Fehler oder eine Ungenauigkeit bemerkt haben, werden wir ihn nat\u00fcrlich korrigieren.<\/p>\n<p>Diese Website enth\u00e4lt Hyperlinks zu anderen Websites. Wenn diese Websites von LOTT holiday homes &amp; more verwaltet werden, wird dies angezeigt. Alle anderen verlinkten Websites sind Eigentum Dritter und\/oder werden von Dritten kontrolliert. LOTT holiday homes &amp; more ist daher nicht verantwortlich und \u00fcbernimmt keine Haftung f\u00fcr die Verf\u00fcgbarkeit, Richtigkeit und Vollst\u00e4ndigkeit (der Inhalte) dieser Websites.<\/p>\n<p>Diese Website sowie der Inhalt dieser Website sind geistiges Eigentum von LOTT holiday homes &amp; more. Die Vervielf\u00e4ltigung und\/oder Verbreitung, unabh\u00e4ngig vom verwendeten Medium, bedarf der schriftlichen Genehmigung von LOTT holiday homes &amp; more. Die Verwendung des Namens und der Marke LOTT holiday homes &amp; more ist ohne schriftliche Genehmigung von LOTT holiday homes &amp; more nicht gestattet.<\/p>\n<p>LOTT holiday homes &amp; more beh\u00e4lt sich das Recht vor, ohne vorherige Ank\u00fcndigung \u00c4nderungen an dieser Website oder an unserem Angebot an Ferienh\u00e4usern und Aktivit\u00e4ten vorzunehmen.<\/p>\n<h3>Datenschutzrichtlinie<\/h3>\n<p>LOTT holiday homes &amp; more respektiert Ihre Privatsph\u00e4re und stellt sicher, dass Ihre pers\u00f6nlichen Daten streng vertraulich bleiben. Alle Informationen \u00fcber personenbezogene Daten werden in \u00dcbereinstimmung mit der europ\u00e4ischen Gesetzgebung und den niederl\u00e4ndischen Richtlinien verarbeitet. LOTT holiday homes &amp; more stellt Ihre personenbezogenen Daten in keiner Weise Dritten zur Verf\u00fcgung, au\u00dfer f\u00fcr die Durchf\u00fchrung des von Ihnen gebuchten Urlaubs.<\/p>\n<p>Siehe auch unsere ausf\u00fchrliche: <a title=\"Datenschutzerkl\u00e4rung\" href=\"https:\/\/www.lottholidayhomes.com\/de\/datenschutzrichtlinie\/\">Datenschutzerkl\u00e4rung<\/a>.<\/p>\n","protected":false},"excerpt":{"rendered":"<p>Allgemeine Gesch\u00e4ftsbedingungen (AGB) Da sind die g\u00fcltigen Allgemeinen Gesch\u00e4ftsbedingungen (AGB) f\u00fcr unsere Website. Satz- und Druckfehler sind auf der Websitesite vorbehalten. Laden Sie die hinterlegten Allgemeinen Gesch\u00e4ftsbedingungen gerne als PDF-Datei herunter. Laden Sie die hinterlegten AGB als PDF herunter picture_as_pdf Download: allgemeine-geschaftsbedingungen-agb.pdf Zur Buchung Sie k\u00f6nnen eine Buchung mittels einer Buchungsanfrage auf der Website oder per E-Mail anfordern. LOTT holiday homes &amp; more umfasst nur die auf der Website aufgef\u00fchrten Ferienh\u00e4user: https:\/\/www.lottholidayhomes.com Zahlungsbuchung Bestellungen Jede Buchungsanfrage wird von LOTT holiday [&hellip;]<\/p>\n","protected":false},"author":1,"featured_media":5899,"parent":0,"menu_order":0,"comment_status":"closed","ping_status":"closed","template":"","meta":{"inline_featured_image":false,"footnotes":""},"class_list":["post-6195","page","type-page","status-publish","has-post-thumbnail","hentry"],"_links":{"self":[{"href":"https:\/\/www.lottholidayhomes.com\/de\/wp-json\/wp\/v2\/pages\/6195","targetHints":{"allow":["GET"]}}],"collection":[{"href":"https:\/\/www.lottholidayhomes.com\/de\/wp-json\/wp\/v2\/pages"}],"about":[{"href":"https:\/\/www.lottholidayhomes.com\/de\/wp-json\/wp\/v2\/types\/page"}],"author":[{"embeddable":true,"href":"https:\/\/www.lottholidayhomes.com\/de\/wp-json\/wp\/v2\/users\/1"}],"replies":[{"embeddable":true,"href":"https:\/\/www.lottholidayhomes.com\/de\/wp-json\/wp\/v2\/comments?post=6195"}],"version-history":[{"count":5,"href":"https:\/\/www.lottholidayhomes.com\/de\/wp-json\/wp\/v2\/pages\/6195\/revisions"}],"predecessor-version":[{"id":6203,"href":"https:\/\/www.lottholidayhomes.com\/de\/wp-json\/wp\/v2\/pages\/6195\/revisions\/6203"}],"wp:featuredmedia":[{"embeddable":true,"href":"https:\/\/www.lottholidayhomes.com\/de\/wp-json\/wp\/v2\/media\/5899"}],"wp:attachment":[{"href":"https:\/\/www.lottholidayhomes.com\/de\/wp-json\/wp\/v2\/media?parent=6195"}],"curies":[{"name":"wp","href":"https:\/\/api.w.org\/{rel}","templated":true}]}}