{"id":4006,"date":"2021-08-31T12:45:58","date_gmt":"2021-08-31T10:45:58","guid":{"rendered":"https:\/\/www.lottholidayhomes.com\/terms-and-conditions\/"},"modified":"2022-02-08T13:24:46","modified_gmt":"2022-02-08T12:24:46","slug":"termes-et-conditions","status":"publish","type":"page","link":"https:\/\/www.lottholidayhomes.com\/fr\/termes-et-conditions\/","title":{"rendered":"Termes et conditions"},"content":{"rendered":"<div class=\"intro-image\"><img decoding=\"async\" loading=\"lazy\" class=\"alignnone wp-image-3303 size-full\" src=\"https:\/\/www.lottholidayhomes.com\/wp-content\/uploads\/2021\/08\/lott-holiday-homes-algemene-voorwaarden-verhuurbedrijf-vakantiehuizen-frankrijk.jpg\" alt=\"LOTT holiday homes &amp; more... Termes et conditions.\" width=\"1600\" height=\"1067\" srcset=\"https:\/\/www.lottholidayhomes.com\/wp-content\/uploads\/2021\/08\/lott-holiday-homes-algemene-voorwaarden-verhuurbedrijf-vakantiehuizen-frankrijk.jpg 1600w, https:\/\/www.lottholidayhomes.com\/wp-content\/uploads\/2021\/08\/lott-holiday-homes-algemene-voorwaarden-verhuurbedrijf-vakantiehuizen-frankrijk-883x588.jpg 883w\" sizes=\"auto, (max-width: 1600px) 100vw, 1600px\" \/><noscript><img decoding=\"async\" class=\"alignnone wp-image-3303 size-full\" src=\"https:\/\/www.lottholidayhomes.com\/wp-content\/uploads\/2021\/08\/lott-holiday-homes-algemene-voorwaarden-verhuurbedrijf-vakantiehuizen-frankrijk.jpg\" alt=\"LOTT holiday homes &amp; more... Termes et conditions.\" width=\"1600\" height=\"1067\" srcset=\"https:\/\/www.lottholidayhomes.com\/wp-content\/uploads\/2021\/08\/lott-holiday-homes-algemene-voorwaarden-verhuurbedrijf-vakantiehuizen-frankrijk.jpg 1600w, https:\/\/www.lottholidayhomes.com\/wp-content\/uploads\/2021\/08\/lott-holiday-homes-algemene-voorwaarden-verhuurbedrijf-vakantiehuizen-frankrijk-883x588.jpg 883w\" sizes=\"(max-width: 1600px) 100vw, 1600px\" \/><\/noscript><\/div>\n<h3>G\u00e9n\u00e9ralit\u00e9s &#8211; Termes et conditions<\/h3>\n<p>La page des termes et conditions sur notre site Web. Les erreurs typographiques et d\u2019impression sont r\u00e9serv\u00e9es sur cette page du site.<\/p>\n<h3>T\u00e9l\u00e9chargez les conditions g\u00e9n\u00e9rales d\u00e9pos\u00e9es au format PDF.<\/h3>\n<p><span class=\"material-icons\">picture_as_pdf<\/span> T\u00e9l\u00e9charger: <a href=\"https:\/\/www.lottholidayhomes.com\/download\/termes-et-conditions-lott-holiday-homes.pdf\" target=\"_blank\" rel=\"nofollow noopener\"><u>termes-et-conditions-lott-holiday-homes.pdf<\/u><\/a><\/p>\n<h3>R\u00e9server<\/h3>\n<p>\u00c0 la suite d\u2019une demande de r\u00e9servation sur le site Web ou d\u2019un contact postal, vous pouvez demander une r\u00e9servation. LOTT holiday homes &amp; more ne comprend que les maisons de vacances r\u00e9pertori\u00e9es sur le site: https:\/\/www.lottholidayhomes.com<\/p>\n<h3>Paiement des ordres de r\u00e9servation<\/h3>\n<p>Chaque demande de r\u00e9servation est confirm\u00e9e par LOTT holiday homes &amp; more au moyen d\u2019une confirmation de r\u00e9servation finale. Vous recevrez la confirmation de r\u00e9servation finale par e-mail. Le montant et les d\u00e9tails du paiement ainsi que les donn\u00e9es de N.A.W. y sont \u00e9galement d\u00e9crits. LOTT holiday homes &amp; more souhaite recevoir un e-mail pour approbation, les conditions d\u2019annulation sont en vigueur et le montant d\u00e9crit dans la confirmation doit \u00eatre pay\u00e9.<br \/>\nEn cas de retard de paiement, LOTT holiday homes &amp; more est en droit d\u2019annuler la maison de vacances r\u00e9serv\u00e9e. Lorsque les conditions d\u2019annulation pour le locataire ne sont alors pas affect\u00e9es.<\/p>\n<h3>R\u00e9flexion<\/h3>\n<p>Vous pouvez annuler toute r\u00e9servation dans les 5 jours suivant la date de r\u00e9servation indiqu\u00e9e sur la confirmation de r\u00e9servation. L\u2019annulation peut \u00eatre faite en envoyant un e-mail \u00e0 info@lottholidayhomes.com LOTT holiday homes &amp; more confirmera votre annulation apr\u00e8s r\u00e9ception de celle-ci. En cas d\u2019annulation apr\u00e8s ces 5 jours, les conditions d\u2019annulation ne sont pas affect\u00e9es (voir article annulation par le locataire). Lors de la r\u00e9servation dans les 12 semaines avant le d\u00e9but de la p\u00e9riode de location souhait\u00e9e, il n\u2019y a pas de d\u00e9lai de r\u00e9flexion et les conditions d\u2019annulation d\u00e9crites \u00e0 l\u2019article \u00ab annulation par le locataire \u00bb s\u2019appliquent.<\/p>\n<h3>Annulation par le locataire<\/h3>\n<p>Les annulations doivent \u00eatre communiqu\u00e9es \u00e0 LOTT holiday homes &amp; more par e-mail. Imm\u00e9diatement apr\u00e8s avoir re\u00e7u un e-mail contenant l\u2019annulation \u00e9crite, LOTT holiday homes &amp; more enverra une confirmation d\u2019annulation par e-mail. En cas d\u2019annulation apr\u00e8s 5 jours et jusqu\u2019\u00e0 12 semaines avant le d\u00e9but de la p\u00e9riode de location convenue, 50% du loyer sera factur\u00e9. En cas d\u2019annulation dans les 12 semaines \u00e0 8 semaines avant le d\u00e9but de la p\u00e9riode de location convenue, 70% du loyer sera factur\u00e9. En cas d\u2019annulation dans les 8 semaines suivant la p\u00e9riode de location convenue, le montant total de la location est d\u00fb.<\/p>\n<p>Les annulations ou modifications (qui ont pour effet de raccourcir le s\u00e9jour) seront effectu\u00e9es dans les 56 jours avant l\u2019arriv\u00e9e, entra\u00eeneront le droit au remboursement ou au r\u00e8glement du montant total. L\u2019annulation ou le d\u00e9part anticip\u00e9 ne vous donne pas droit \u00e0 un remboursement du loyer. En cas d\u2019annulation, le premier acompte ne sera jamais rembours\u00e9. Nous vous recommandons \u00e9galement toujours de prendre une assurance annulation \/ voyage tous risques.<\/p>\n<h3>Porte annuler LOTT holiday homes &amp; more<\/h3>\n<p>Si, en raison de toute circonstance sur LOTT holiday homes &amp; more, l\u2019annulation de la maison de vacances d\u00e9j\u00e0 lou\u00e9e n\u00e9cessitait, cela sera imm\u00e9diatement notifi\u00e9 au locataire et, si possible, sous la possibilit\u00e9 d\u2019une alternative. En cas de non-acceptation de cette alternative par le locataire ou en cas de non-possibilit\u00e9 de proposer une alternative par LOTT holiday homes &amp; more, LOTT holiday homes &amp; more remboursera imm\u00e9diatement le montant d\u00e9j\u00e0 pay\u00e9 par le locataire. Le locataire n\u2019a pas plus ou autre droit que de r\u00e9clamer ce montant. Sont exclues les r\u00e9servations \u00e0 court terme, c\u2019est-\u00e0-dire les r\u00e9servations qui ont eu lieu 8 semaines ou moins avant le d\u00e9but de la p\u00e9riode de location r\u00e9serv\u00e9e.<\/p>\n<h3>Force majeure\/ Pand\u00e9mie\/ Catastrophes naturelles<\/h3>\n<p>En cas de nouvelle situation externe sur laquelle LOTT holiday homes &amp; more et plus n\u2019a aucune influence et que l\u00e0 o\u00f9 cela peut se produire, le locataire et le propri\u00e9taire ne veulent pas annuler, dans ce cas sp\u00e9cifique, une solution commune sera examin\u00e9e. Une solution possible est de passer \u00e0 une autre p\u00e9riode. Un montant de 200,00 euros sera factur\u00e9 sur la r\u00e9servation en cours, quel que soit le r\u00e9sultat de la solution conjointe.<\/p>\n<h3>Garantie<\/h3>\n<p>La caution varie de 200 \u00e0 500 euros en fonction de la dur\u00e9e du s\u00e9jour et de la taille de la maison de vacances lou\u00e9e. Le d\u00e9p\u00f4t de garantie doit \u00eatre pay\u00e9 en esp\u00e8ces \u00e0 l\u2019arriv\u00e9e. Au moment du d\u00e9part, vous recevrez ce retour si les points de livraison au d\u00e9part, tels que d\u00e9crits dans le dossier d\u2019information de la maison de vacances, ont \u00e9t\u00e9 respect\u00e9s.<\/p>\n<h3><strong>Responsabilit\u00e9 du locataire<\/strong><\/h3>\n<p>Pendant votre s\u00e9jour dans la maison de vacances, vous, en tant que locataire, \u00eates enti\u00e8rement responsable de la maison de vacances lou\u00e9e, de l\u2019ameublement et de toutes les questions qui appartiennent \u00e0 la propri\u00e9t\u00e9 lou\u00e9e et les dommages caus\u00e9s par vous-m\u00eame et\/ou par vos compagnons de voyage doivent \u00eatre imm\u00e9diatement et enti\u00e8rement indemnis\u00e9s au propri\u00e9taire. En tant que locataire, vous \u00eates \u00e9galement enti\u00e8rement responsable de tous les co\u00fbts suppl\u00e9mentaires.<\/p>\n<p>LOTT holiday homes &amp; more est en droit de tenir le locataire responsable si les dommages caus\u00e9s n\u2019ont pas, ou pas correctement, \u00e9t\u00e9 r\u00e9gl\u00e9s. ou les frais \u00e0 r\u00e9gler sur place n\u2019ont pas \u00e9t\u00e9 (int\u00e9gralement) pay\u00e9s par le locataire. Tous les frais associ\u00e9s (de collecte) sont enti\u00e8rement \u00e0 la charge du locataire mentionn\u00e9 dans la confirmation de r\u00e9servation.<\/p>\n<p>Les r\u00e8gles de la maison pr\u00e9sentes et \/ ou fournies \u00e0 la maison de vacances sont une partie ins\u00e9parable du contrat de location et doivent bien s\u00fbr \u00eatre strictement respect\u00e9es.<\/p>\n<p>Le nombre de personnes mentionn\u00e9 dans la description de la propri\u00e9t\u00e9 est le nombre maximum autoris\u00e9 dans la maison de vacances. L\u2019habitation avec plus de personnes n\u2019est pas autoris\u00e9e. LOTT holiday homes &amp; more est en droit de refuser l\u2019acc\u00e8s \u00e0 la maison de vacances si vous arrivez avec plus que le nombre maximum autoris\u00e9 de personnes. Si vous souhaitez inviter des amis pendant vos vacances, discutez \u00e0 l\u2019avance des possibilit\u00e9s possibles avec LOTT holiday homes &amp; more encore.<\/p>\n<h3>Responsabilit\u00e9 LOTT holiday homes &amp; more<\/h3>\n<p>LOTT holiday homes &amp; more d\u00e9cline toute responsabilit\u00e9 en cas de perte, vol, dommage ou blessure, de quelque nature que ce soit, caus\u00e9s \u00e0 ou par les locataires de La Bastide.<\/p>\n<p>LOTT holiday homes &amp; more d\u00e9cline \u00e9galement toute responsabilit\u00e9 pour les dommages caus\u00e9s par des catastrophes naturelles, des catastrophes naturelles, des attaques, des gr\u00e8ves, des violences et le contact avec un avion ou des parties de celui-ci.<\/p>\n<p>LOTT holiday homes &amp; more n\u2019est pas responsable des accidents, blessures ou maladies qui se produisent pendant un s\u00e9jour dans ou autour des propri\u00e9t\u00e9s sur le terrain des maisons de vacances de LOTT holiday homes &amp; more. En outre, LOTT holiday homes &amp; more n\u2019assume aucune responsabilit\u00e9 pour la perte d\u2019effets personnels ou d\u2019objets de valeur.<\/p>\n<p>Les erreurs \u00e9videntes ou les erreurs dans la description ou les prix des logements propos\u00e9s par LOTT holiday homes &amp; more ne lient pas LOTT holiday homes &amp; more.<\/p>\n<p>En acceptant cette r\u00e9servation, il a \u00e9t\u00e9 convenu que tous les clients ou autres clients reconnaissent express\u00e9ment le risque de dommages r\u00e9sultant de l\u2019utilisation de la propri\u00e9t\u00e9.<\/p>\n<p>Toutes les installations sportives, piscines, restaurants et magasins mentionn\u00e9s dans la description de la propri\u00e9t\u00e9 ne sont pas ouverts jour apr\u00e8s jour, toute l\u2019ann\u00e9e. LOTT holiday homes &amp; more n\u2019est pas responsable des installations qui ne sont \/ n\u2019\u00e9taient pas accessibles pour quelque raison que ce soit pendant vos vacances. Cela s\u2019applique \u00e9galement aux installations sur le terrain des LOTT holiday homes &amp; more encore.<\/p>\n<p>L\u2019utilisation de toutes les installations est \u00e0 vos propres risques et ne peut en aucun cas \u00eatre tenue responsable des LOTT holiday homes &amp; more encore.<\/p>\n<p>Il est possible que des personnes \u00ab travaillent \u00bb \u00e0 proximit\u00e9 de votre maison de vacances. Nous pensons, par exemple, \u00e0 la route sur les r\u00e9fractions ou les activit\u00e9s de construction. Vous comprendrez que nous ne pouvons accepter aucune responsabilit\u00e9 pour toute nuisance sonore. Nous essaierons de r\u00e9duire au minimum les activit\u00e9s de construction sur le site LOTT holiday homes &amp; more encore.<\/p>\n<h3>Plaintes<\/h3>\n<p>Malgr\u00e9 nos pr\u00e9occupations, il est possible que vous ayez une plainte. Vous pouvez bien s\u00fbr simplement nous soumettre cette plainte pendant votre s\u00e9jour.<\/p>\n<p>Si la r\u00e9clamation n\u2019a pas \u00e9t\u00e9 r\u00e9solue de mani\u00e8re satisfaisante, vous pouvez la soumettre \u00e0 LOTT holiday homes &amp; more au plus tard 4 semaines apr\u00e8s la fin de la p\u00e9riode de location, par \u00e9crit et motiv\u00e9e. Les plaintes soumises ult\u00e9rieurement ne seront pas accept\u00e9es et un pr\u00e9tendu droit d\u2019action deviendra caduc.<\/p>\n<p>L\u2019emm\u00e9nagement ind\u00e9pendant dans une maison de vacances autre que celle propos\u00e9e par LOTT holiday homes &amp; more, ou la sortie des maisons de vacances lou\u00e9es sans consultation avec LOTT holiday homes &amp; more, annule tous les droits \u00e0 indemnisation ou \u00e0 indemnisation.<\/p>\n<p>LOTT holiday homes &amp; more, dans tous les cas, la responsabilit\u00e9 maximale du montant du loyer.<\/p>\n<h3>Assurance annulation<\/h3>\n<p>Nous exhortons toujours tout le monde \u00e0 souscrire une assurance annulation \/ voyage tous risques pour chaque vacances.<\/p>\n<h3>Tache<\/h3>\n<p>La location des maisons de vacances de LOTT holiday homes &amp; more se d\u00e9roule du samedi au samedi, sauf indication contraire sur votre confirmation de r\u00e9servation. Vous pouvez emm\u00e9nager dans la maison de vacances le 1er jour de s\u00e9jour entre 16h00 et 20h00. Le jour du d\u00e9part, vous quittez la maison avant 09h30. Si vous pensez que vous arriverez plus tard, veuillez nous le faire savoir \u00e0 temps en appelant ou en envoyant un WhatsApp au 0033 610093019.<\/p>\n<p>Une chaise haute et un lit b\u00e9b\u00e9 sont disponibles sur demande. S\u2019il vous pla\u00eet indiquer lors de la r\u00e9servation si vous le souhaitez. Le linge de maison (serviette et torchons) et le linge de lit pour le lit b\u00e9b\u00e9 doivent toujours \u00eatre apport\u00e9s avec vous. Vous devez vous occuper vous-m\u00eame du nettoyage quotidien de votre maison de vacances.<\/p>\n<h3>Animaux<\/h3>\n<p>Les animaux domestiques sont &#8211; en consultation &#8211; les bienvenus dans LOTT holiday homes &amp; more encore. Un animal de compagnie ne doit pas entrer dans la ou les chambres en bas ou \u00e0 l\u2019\u00e9tage. Sur le terrain des LOTT holiday homes &amp; more encore, les animaux domestiques doivent toujours \u00eatre tenus en laisse.<\/p>\n<p>Les animaux domestiques sont laiss\u00e9s \u00e0 l\u2019ext\u00e9rieur LOTT holiday homes &amp; more de terrains Vous \u00eates responsable du nettoyage des excr\u00e9ments de votre animal de compagnie sur LOTT holiday homes &amp; more de locaux.<\/p>\n<h3>Nombre de personnes<\/h3>\n<p>Pour chaque g\u00eete \/ maison de vacances, le nombre maximum de personnes est indiqu\u00e9. Les enfants d\u00e8s la naissance comptent comme une personne.<\/p>\n<h3>D\u00e9menti<\/h3>\n<p>LOTT holiday homes &amp; more accorde une grande attention \u00e0 ce site Web et \u00e0 la fiabilit\u00e9 et \u00e0 l\u2019actualit\u00e9 des donn\u00e9es enregistr\u00e9es. Malgr\u00e9 toute la diligence voulue, les inexactitudes et l\u2019incompl\u00e9tude ne peuvent \u00eatre \u00e9vit\u00e9es LOTT holiday homes &amp; more n\u2019est pas responsable des erreurs ou des inexactitudes. Bien s\u00fbr, nous allons &#8211; d\u00e8s que nous avons remarqu\u00e9 une erreur ou une inexactitude &#8211; le corriger.<\/p>\n<p>Ce site Web contient des hyperliens vers d\u2019autres sites Web. Si ces sites Web sont g\u00e9r\u00e9s par LOTT holiday homes &amp; more, cela est indiqu\u00e9. Tous les autres sites Web qui peuvent \u00eatre li\u00e9s sont d\u00e9tenus et \/ ou exploit\u00e9s par des tiers. LOTT holiday homes &amp; more n\u2019est donc pas responsable et d\u00e9cline toute responsabilit\u00e9 quant \u00e0 la disponibilit\u00e9, l\u2019exactitude et l\u2019exhaustivit\u00e9 de (le contenu de) ces sites Web.<\/p>\n<p>Ce site Web ainsi que le contenu de ce site Web sont la propri\u00e9t\u00e9 intellectuelle de LOTT holiday homes &amp; more. Pour la reproduction et\/ou la distribution, quel que soit le support utilis\u00e9, l\u2019autorisation \u00e9crite de LOTT holiday homes &amp; more est requise. L\u2019utilisation du nom et de la marque LOTT holiday homes &amp; more n\u2019est pas autoris\u00e9e sans l\u2019autorisation \u00e9crite de LOTT holiday homes &amp; more.<\/p>\n<p>LOTT holiday homes &amp; more se r\u00e9serve le droit d\u2019apporter des modifications \u00e0 ce site Web ou \u00e0 notre offre de maisons de vacances et d\u2019activit\u00e9s sans notification pr\u00e9alable.<\/p>\n<h3>Politique de confidentialit\u00e9<\/h3>\n<p>LOTT holiday homes &amp; more respecte votre vie priv\u00e9e et veille \u00e0 ce que vos donn\u00e9es personnelles restent strictement confidentielles. Toutes les informations concernant les donn\u00e9es personnelles sont trait\u00e9es conform\u00e9ment \u00e0 la l\u00e9gislation europ\u00e9enne et aux directives Fran\u00e7ais. LOTT holiday homes &amp; more ne met en aucun cas vos donn\u00e9es personnelles \u00e0 la disposition de tiers, sauf dans le but d\u2019effectuer les vacances que vous avez r\u00e9serv\u00e9es.<\/p>\n<p>Voir \u00e9galement notre <a title=\"Politique de confidentialit\u00e9\" href=\"https:\/\/www.lottholidayhomes.com\/fr\/politique-de-confidentialite\/\">politique de confidentialit\u00e9<\/a> d\u00e9taill\u00e9e.<\/p>\n","protected":false},"excerpt":{"rendered":"<p>G\u00e9n\u00e9ralit\u00e9s &#8211; Termes et conditions La page des termes et conditions sur notre site Web. Les erreurs typographiques et d\u2019impression sont r\u00e9serv\u00e9es sur cette page du site. T\u00e9l\u00e9chargez les conditions g\u00e9n\u00e9rales d\u00e9pos\u00e9es au format PDF. picture_as_pdf T\u00e9l\u00e9charger: termes-et-conditions-lott-holiday-homes.pdf R\u00e9server \u00c0 la suite d\u2019une demande de r\u00e9servation sur le site Web ou d\u2019un contact postal, vous pouvez demander une r\u00e9servation. LOTT holiday homes &amp; more ne comprend que les maisons de vacances r\u00e9pertori\u00e9es sur le site: https:\/\/www.lottholidayhomes.com Paiement des ordres de [&hellip;]<\/p>\n","protected":false},"author":1,"featured_media":4007,"parent":0,"menu_order":0,"comment_status":"closed","ping_status":"closed","template":"","meta":{"inline_featured_image":false,"footnotes":""},"class_list":["post-4006","page","type-page","status-publish","has-post-thumbnail","hentry"],"_links":{"self":[{"href":"https:\/\/www.lottholidayhomes.com\/fr\/wp-json\/wp\/v2\/pages\/4006","targetHints":{"allow":["GET"]}}],"collection":[{"href":"https:\/\/www.lottholidayhomes.com\/fr\/wp-json\/wp\/v2\/pages"}],"about":[{"href":"https:\/\/www.lottholidayhomes.com\/fr\/wp-json\/wp\/v2\/types\/page"}],"author":[{"embeddable":true,"href":"https:\/\/www.lottholidayhomes.com\/fr\/wp-json\/wp\/v2\/users\/1"}],"replies":[{"embeddable":true,"href":"https:\/\/www.lottholidayhomes.com\/fr\/wp-json\/wp\/v2\/comments?post=4006"}],"version-history":[{"count":6,"href":"https:\/\/www.lottholidayhomes.com\/fr\/wp-json\/wp\/v2\/pages\/4006\/revisions"}],"predecessor-version":[{"id":4274,"href":"https:\/\/www.lottholidayhomes.com\/fr\/wp-json\/wp\/v2\/pages\/4006\/revisions\/4274"}],"wp:featuredmedia":[{"embeddable":true,"href":"https:\/\/www.lottholidayhomes.com\/fr\/wp-json\/wp\/v2\/media\/4007"}],"wp:attachment":[{"href":"https:\/\/www.lottholidayhomes.com\/fr\/wp-json\/wp\/v2\/media?parent=4006"}],"curies":[{"name":"wp","href":"https:\/\/api.w.org\/{rel}","templated":true}]}}