{"id":4012,"date":"2021-08-31T12:54:01","date_gmt":"2021-08-31T10:54:01","guid":{"rendered":"https:\/\/www.lottholidayhomes.com\/privacy-policy\/"},"modified":"2022-01-26T17:25:01","modified_gmt":"2022-01-26T16:25:01","slug":"politique-de-confidentialite","status":"publish","type":"page","link":"https:\/\/www.lottholidayhomes.com\/fr\/politique-de-confidentialite\/","title":{"rendered":"Politique de confidentialit\u00e9"},"content":{"rendered":"<div class=\"intro-image\"><img decoding=\"async\" loading=\"lazy\" class=\"alignnone wp-image-3313 size-full\" src=\"https:\/\/www.lottholidayhomes.com\/wp-content\/uploads\/2021\/08\/lott-holiday-homes-privacybeleid-verhuurbedrijf-vakantiehuizen-frankrijk.jpg\" alt=\"LOTT holiday homes &amp; more... Politique de confidentialit\u00e9.\" width=\"1600\" height=\"1067\" srcset=\"https:\/\/www.lottholidayhomes.com\/wp-content\/uploads\/2021\/08\/lott-holiday-homes-privacybeleid-verhuurbedrijf-vakantiehuizen-frankrijk.jpg 1600w, https:\/\/www.lottholidayhomes.com\/wp-content\/uploads\/2021\/08\/lott-holiday-homes-privacybeleid-verhuurbedrijf-vakantiehuizen-frankrijk-883x588.jpg 883w\" sizes=\"auto, (max-width: 1600px) 100vw, 1600px\" \/><noscript><img decoding=\"async\" class=\"alignnone wp-image-3313 size-full\" src=\"https:\/\/www.lottholidayhomes.com\/wp-content\/uploads\/2021\/08\/lott-holiday-homes-privacybeleid-verhuurbedrijf-vakantiehuizen-frankrijk.jpg\" alt=\"LOTT holiday homes &amp; more... Politique de confidentialit\u00e9.\" width=\"1600\" height=\"1067\" srcset=\"https:\/\/www.lottholidayhomes.com\/wp-content\/uploads\/2021\/08\/lott-holiday-homes-privacybeleid-verhuurbedrijf-vakantiehuizen-frankrijk.jpg 1600w, https:\/\/www.lottholidayhomes.com\/wp-content\/uploads\/2021\/08\/lott-holiday-homes-privacybeleid-verhuurbedrijf-vakantiehuizen-frankrijk-883x588.jpg 883w\" sizes=\"(max-width: 1600px) 100vw, 1600px\" \/><\/noscript><\/div>\n<p>Notre objectif principal est de vous informer le mieux possible et de pouvoir faire une r\u00e9servation aussi facilement et compl\u00e8tement que possible. Pour cela, nous demandons un certain nombre de donn\u00e9es personnelles. Et en outre, nous aimons traiter vos donn\u00e9es personnelles proprement. Vous pouvez lire comment nous proc\u00e9dons ci-dessous.<\/p>\n<h3>La page de politique de confidentialit\u00e9 sur notre site Web.<\/h3>\n<p>Les erreurs typographiques et d\u2019impression sont r\u00e9serv\u00e9es sur cette page du site.<\/p>\n<h3>T\u00e9l\u00e9chargez la politique de confidentialit\u00e9 au format PDF.<\/h3>\n<p><span class=\"material-icons\">picture_as_pdf<\/span> T\u00e9l\u00e9charger: <a href=\"https:\/\/www.lottholidayhomes.com\/download\/politique-de-confidentialite-lott-holiday-homes.pdf\" target=\"_blank\" rel=\"nofollow noopener\"><u>politique-de-confidentialite-lott-holiday-homes.pdf<\/u><\/a><\/p>\n<h3>Protection des donn\u00e9es personnelles<\/h3>\n<p>Nous prenons la confidentialit\u00e9 des donn\u00e9es personnelles tr\u00e8s au s\u00e9rieux. LOTT holiday homes &amp; more ne vendra pas et\/ou ne fournira pas vos donn\u00e9es personnelles \u00e0 des tiers. Nous n\u2019utilisons vos donn\u00e9es personnelles qu\u2019aux fins pour lesquelles vous les avez fournies et conform\u00e9ment au r\u00e8glement g\u00e9n\u00e9ral sur la protection des donn\u00e9es (RGPD) et \u00e0 la loi sur les t\u00e9l\u00e9communications. LOTT holiday homes &amp; more est g\u00e9r\u00e9 par Eugene et Patricia de Jong, voir les coordonn\u00e9es.<\/p>\n<h3>Contactez-nous<\/h3>\n<p>Eugene and Patricia de Jong<br \/>\nLOTT holiday homes &amp; more<br \/>\n87500 Coussac Bonneval<br \/>\n+33 (0)5 55 75 55 68<\/p>\n<h2>Notre utilisation des donn\u00e9es collect\u00e9es<\/h2>\n<h3>Collecte de donn\u00e9es<\/h3>\n<p><strong>Nous collectons des donn\u00e9es si vous:<\/strong><\/p>\n<ul>\n<li>faire une demande de r\u00e9servation<\/li>\n<li>r\u00e9servez directement avec LOTT holiday homes &amp; more<\/li>\n<li>vous vous inscrivez \u00e0 la newsletter<\/li>\n<\/ul>\n<p><strong>Nous n\u2019utilisons que les donn\u00e9es que vous nous fournissez vous-m\u00eame. Il peut s\u2019agir des informations suivantes:<\/strong><\/p>\n<ul>\n<li>votre pr\u00e9nom et votre nom<\/li>\n<li>peut-\u00eatre. les nom et pr\u00e9nom de vos compagnons de voyage<\/li>\n<li>votre adresse e-mail<\/li>\n<li>votre adresse<\/li>\n<li>votre num\u00e9ro de t\u00e9l\u00e9phone<\/li>\n<li>nombre d\u2019adultes<\/li>\n<li>nombre d\u2019enfants<\/li>\n<li>peut-\u00eatre. Naissance<\/li>\n<\/ul>\n<p>Nous avons besoin de ces informations pour pouvoir traiter et r\u00e9pondre correctement \u00e0 votre demande.<\/p>\n<h3>\u00c0 quelles fins utilisons-nous les donn\u00e9es?<\/h3>\n<p><strong>\u00c0 quelles fins utilisons-nous les donn\u00e9es?<\/strong><\/p>\n<ul>\n<li>Nous avons besoin de la demande de r\u00e9servation avec les informations demand\u00e9es pour v\u00e9rifier la disponibilit\u00e9 d\u2019une maison de vacances appropri\u00e9e pour vous.<\/li>\n<li>Nous utilisons votre nom et votre adresse e-mail pour envoyer des newsletters. Cela se fait exclusivement avec les donn\u00e9es que nous avons re\u00e7ues en demandant une r\u00e9servation et \/ ou en inscrivant la newsletter<\/li>\n<\/ul>\n<h3>Donn\u00e9es que nous stockons<\/h3>\n<p><strong>Voici les donn\u00e9es que nous stockons:<\/strong><\/p>\n<ul>\n<li>Votre pr\u00e9nom et votre nom<\/li>\n<li>Votre adresse, votre code postal et votre lieu de r\u00e9sidence, afin que nous puissions adresser la confirmation de r\u00e9servation le plus rapidement et le plus facilement possible \u00e0 la bonne personne et \u00e0 la bonne adresse.<\/li>\n<li>Num\u00e9ro de t\u00e9l\u00e9phone, pour pouvoir vous informer de votre demande ou pour transmettre des informations modifi\u00e9es sur votre maison de vacances \u00e0 la derni\u00e8re minute. Parfois, il est plus pratique de le faire par t\u00e9l\u00e9phone. Vous n\u2019\u00eates jamais oblig\u00e9 de le remplir.<\/li>\n<li>Adresse e-mail, car d\u00e8s que nous aurons re\u00e7u votre demande de maison de vacances, vous recevrez une confirmation par e-mail.<\/li>\n<\/ul>\n<h3>Vos donn\u00e9es et les syst\u00e8mes qui les traitent<\/h3>\n<p>Vos donn\u00e9es personnelles sont stock\u00e9es dans le syst\u00e8me de messagerie avec lequel nous travaillons: Les informations Outlook sur la politique de confidentialit\u00e9 d\u2019outlook peuvent \u00eatre trouv\u00e9es ici: <a href=\"https:\/\/privacy.microsoft.com\/nl-nl\/privacystatement\" target=\"_blank\" rel=\"nofollow noopener\"><u>https:\/\/privacy.microsoft.com\/nl-nl\/privacystatement<\/u><\/a>.<\/p>\n<h3>Convoquer<\/h3>\n<p>Avez-vous fait une demande via le formulaire de contact \/ par e-mail, mais ne souhaitez-vous plus recevoir d\u2019e-mail de notre part \u00e0 l\u2019avenir? Il suffit de nous contacter. Votre adresse e-mail sera alors imm\u00e9diatement supprim\u00e9e de notre fichier et ne sera pas enregistr\u00e9e.<\/p>\n<h3>S\u00e9curit\u00e9 des donn\u00e9es<\/h3>\n<p>Des mesures techniques appropri\u00e9es ont \u00e9t\u00e9 prises pour prot\u00e9ger les donn\u00e9es personnelles contre la perte ou d\u2019autres formes de traitement illicite. Ces mesures, y compris le cryptage au moyen d\u2019un certificat SSL, garantissent un niveau de s\u00e9curit\u00e9 correspondant aux donn\u00e9es que nous traitons.<\/p>\n<h3>Cookies<\/h3>\n<p>Un cookie est un petit fichier qui est envoy\u00e9 par notre site Web et plac\u00e9 par votre navigateur sur l\u2019appareil avec lequel vous visitez notre site Web. Les informations stock\u00e9es dans le cookie peuvent \u00eatre renvoy\u00e9es \u00e0 notre site Web lorsque vous visitez \u00e0 nouveau le site Web. Notre site Web est li\u00e9 \u00e0 Google Analytics. Votre adresse IP est masqu\u00e9e et un accord de traitement a \u00e9t\u00e9 sign\u00e9 avec Google selon lequel aucune donn\u00e9e ne sera transmise pour des services Google suppl\u00e9mentaires.<\/p>\n<p>Vous trouverez plus d\u2019informations sur les cookies sur le site Web de ConsuWijzer. (<a href=\"https:\/\/www.consuwijzer.nl\/veilig-online\/kan-ik-altijd-cookies-uitzetten\" target=\"_blank\" rel=\"nofollow noopener\"><u>https:\/\/www.consuwijzer.nl\/veilig-online\/kan-ik-altijd-cookies-uitzetten<\/u><\/a>)<\/p>\n<p>Les cookies sont utilis\u00e9s pour le meilleur fonctionnement possible de ce site Web et pour adapter le contenu des publicit\u00e9s \u00e0 vos pr\u00e9f\u00e9rences.<\/p>\n<h3>Questions et commentaires<\/h3>\n<p>Nous v\u00e9rifions r\u00e9guli\u00e8rement si nous respectons cette politique de confidentialit\u00e9 et suivons les r\u00e9glementations \u00e0 ce sujet. Si vous avez des questions concernant cette politique de confidentialit\u00e9, vous pouvez nous contacter par e-mail: info@lottholidayhomes.com<\/p>\n<p>Nous esp\u00e9rons que vous avez \u00e9t\u00e9 suffisamment inform\u00e9 \u00e0 ce sujet.<\/p>\n<p>Cordialement, maisons de vacances LOTT et plus.<\/p>\n","protected":false},"excerpt":{"rendered":"<p>Notre objectif principal est de vous informer le mieux possible et de pouvoir faire une r\u00e9servation aussi facilement et compl\u00e8tement que possible. Pour cela, nous demandons un certain nombre de donn\u00e9es personnelles. Et en outre, nous aimons traiter vos donn\u00e9es personnelles proprement. Vous pouvez lire comment nous proc\u00e9dons ci-dessous. La page de politique de confidentialit\u00e9 sur notre site Web. Les erreurs typographiques et d\u2019impression sont r\u00e9serv\u00e9es sur cette page du site. T\u00e9l\u00e9chargez la politique de confidentialit\u00e9 au format PDF. picture_as_pdf [&hellip;]<\/p>\n","protected":false},"author":1,"featured_media":4013,"parent":0,"menu_order":0,"comment_status":"closed","ping_status":"closed","template":"","meta":{"inline_featured_image":false,"footnotes":""},"class_list":["post-4012","page","type-page","status-publish","has-post-thumbnail","hentry"],"_links":{"self":[{"href":"https:\/\/www.lottholidayhomes.com\/fr\/wp-json\/wp\/v2\/pages\/4012","targetHints":{"allow":["GET"]}}],"collection":[{"href":"https:\/\/www.lottholidayhomes.com\/fr\/wp-json\/wp\/v2\/pages"}],"about":[{"href":"https:\/\/www.lottholidayhomes.com\/fr\/wp-json\/wp\/v2\/types\/page"}],"author":[{"embeddable":true,"href":"https:\/\/www.lottholidayhomes.com\/fr\/wp-json\/wp\/v2\/users\/1"}],"replies":[{"embeddable":true,"href":"https:\/\/www.lottholidayhomes.com\/fr\/wp-json\/wp\/v2\/comments?post=4012"}],"version-history":[{"count":3,"href":"https:\/\/www.lottholidayhomes.com\/fr\/wp-json\/wp\/v2\/pages\/4012\/revisions"}],"predecessor-version":[{"id":4016,"href":"https:\/\/www.lottholidayhomes.com\/fr\/wp-json\/wp\/v2\/pages\/4012\/revisions\/4016"}],"wp:featuredmedia":[{"embeddable":true,"href":"https:\/\/www.lottholidayhomes.com\/fr\/wp-json\/wp\/v2\/media\/4013"}],"wp:attachment":[{"href":"https:\/\/www.lottholidayhomes.com\/fr\/wp-json\/wp\/v2\/media?parent=4012"}],"curies":[{"name":"wp","href":"https:\/\/api.w.org\/{rel}","templated":true}]}}